{"id":11,"date":"2025-07-03T20:08:30","date_gmt":"2025-07-03T20:08:30","guid":{"rendered":"https:\/\/yellowgreen-koala-466955.hostingersite.com\/about\/"},"modified":"2025-07-10T04:26:52","modified_gmt":"2025-07-10T04:26:52","slug":"about","status":"publish","type":"page","link":"https:\/\/fenixcarpentry.com\/pt\/about\/","title":{"rendered":"Sobre"},"content":{"rendered":"<div class=\"wp-block-uagb-container uagb-block-ddbe5c65 alignfull uagb-is-root-container\"><div class=\"uagb-container-inner-blocks-wrap\">\n<div class=\"wp-block-uagb-advanced-heading uagb-block-fa4e7c56\"><h1 class=\"uagb-heading-text\">Sobre n\u00f3s<\/h1><p class=\"uagb-desc-text\">Na Fenix \u200b\u200bCarpentry, somos especializados em criar trabalhos em madeira personalizados que combinam beleza, durabilidade e artesanato.<br>Com sede nos EUA, nossa equipe se dedica a fornecer solu\u00e7\u00f5es de carpintaria personalizadas \u2014 da estrutura ao acabamento \u2014 com precis\u00e3o e cuidado.<br>N\u00e3o importa se voc\u00ea precisa de uma escada personalizada, um deck ou uma reforma interna completa, n\u00f3s damos vida \u00e0 sua vis\u00e3o \u2014 de forma confi\u00e1vel, segura e bonita.<\/p><\/div>\n<\/div><\/div>\n\n\n\n<div class=\"wp-block-uagb-container uagb-block-f4853f72 alignfull uagb-is-root-container\"><div class=\"uagb-container-inner-blocks-wrap\">\n<div class=\"wp-block-uagb-image uagb-block-066e3443 wp-block-uagb-image--layout-default wp-block-uagb-image--effect-static wp-block-uagb-image--align-none\"><figure class=\"wp-block-uagb-image__figure\"><img decoding=\"async\" srcset=\"https:\/\/fenixcarpentry.com\/wp-content\/uploads\/2025\/07\/ChatGPT-Image-9-de-jul.-de-2025-14_39_14-1024x683.png ,https:\/\/fenixcarpentry.com\/wp-content\/uploads\/2025\/07\/ChatGPT-Image-9-de-jul.-de-2025-14_39_14.png 780w, https:\/\/fenixcarpentry.com\/wp-content\/uploads\/2025\/07\/ChatGPT-Image-9-de-jul.-de-2025-14_39_14.png 360w\" sizes=\"auto, (max-width: 480px) 150px\" src=\"https:\/\/fenixcarpentry.com\/wp-content\/uploads\/2025\/07\/ChatGPT-Image-9-de-jul.-de-2025-14_39_14-1024x683.png\" alt=\"chatgpt image 9 de jul. de 2025, 14 39 14\" class=\"uag-image-3767\" width=\"1024\" height=\"682\" title=\"chatgpt image 9 de jul. de 2025, 14 39 14\" loading=\"lazy\" role=\"img\"\/><\/figure><\/div>\n\n\n\n<div class=\"wp-block-uagb-container uagb-block-959de5be\">\n<div class=\"wp-block-uagb-advanced-heading uagb-block-a679106e\"><h2 class=\"uagb-heading-text\">De uma \u00fanica caixa de ferramentas para uma equipe de carpintaria confi\u00e1vel<\/h2><p class=\"uagb-desc-text\">A Fenix \u200b\u200bCarpentry come\u00e7ou com dois artes\u00e3os apaixonados e comprometidos em fornecer marcenaria de qualidade em sua comunidade local.<br>Por meio de dedica\u00e7\u00e3o, confian\u00e7a e habilidade, nos tornamos uma equipe confi\u00e1vel \u2014 agora lidando com projetos complexos de carpintaria com precis\u00e3o e cuidado.<br>Hoje, atendemos com orgulho clientes residenciais e comerciais com solu\u00e7\u00f5es personalizadas para cada projeto exclusivo.<\/p><\/div>\n<\/div>\n<\/div><\/div>\n\n\n\n<div class=\"wp-block-uagb-container uagb-layout-grid uagb-block-395f69b9 alignfull uagb-is-root-container\"><div class=\"uagb-container-inner-blocks-wrap\">\n<div class=\"wp-block-uagb-advanced-heading uagb-block-992e1d53\"><h3 class=\"uagb-heading-text\">Nossa Miss\u00e3o<\/h3><p class=\"uagb-desc-text\">N\u00f3s nos esfor\u00e7amos para fornecer os servi\u00e7os de carpintaria mais confi\u00e1veis \u200b\u200be de alta qualidade, sem nunca comprometer os detalhes ou a durabilidade.<br>Nossa miss\u00e3o \u00e9 criar trabalhos em madeira duradouros, oferecendo pre\u00e7os justos, comunica\u00e7\u00e3o clara e uma \u00f3tima experi\u00eancia ao cliente.<br>Estamos aqui para construir n\u00e3o apenas estruturas, mas confian\u00e7a a longo prazo.<\/p><\/div>\n\n\n\n<div class=\"wp-block-uagb-container uagb-block-6d4e5b67\">\n<div class=\"wp-block-uagb-advanced-heading uagb-block-bbe91d67\"><h3 class=\"uagb-heading-text\">Valores Essenciais<\/h3><\/div>\n\n\n\n<div class=\"wp-block-uagb-icon-list uagb-block-60b012d5\"><div class=\"uagb-icon-list__wrap\">\n<div class=\"wp-block-uagb-icon-list-child uagb-block-8bcb204e\"><a target=\"_self\" aria-label=\"Commit to craftsmanship and precision in every detail.\" rel=\"noopener noreferrer\" href=\"#\"> <\/a><span class=\"uagb-icon-list__source-wrap\"><svg xmlns=\"https:\/\/www.w3.org\/2000\/svg\" viewbox=\"0 0 512 512\"><path d=\"M0 256C0 114.6 114.6 0 256 0C397.4 0 512 114.6 512 256C512 397.4 397.4 512 256 512C114.6 512 0 397.4 0 256zM371.8 211.8C382.7 200.9 382.7 183.1 371.8 172.2C360.9 161.3 343.1 161.3 332.2 172.2L224 280.4L179.8 236.2C168.9 225.3 151.1 225.3 140.2 236.2C129.3 247.1 129.3 264.9 140.2 275.8L204.2 339.8C215.1 350.7 232.9 350.7 243.8 339.8L371.8 211.8z\"><\/path><\/svg><\/span><span class=\"uagb-icon-list__label\">Commit to craftsmanship and precision in every detail.<\/span><\/div>\n\n\n\n<div class=\"wp-block-uagb-icon-list-child uagb-block-fe34200d\"><a target=\"_self\" aria-label=\"Treat every home like it\u2019s our own \u2014 with care and respect.\" rel=\"noopener noreferrer\" href=\"#\"> <\/a><span class=\"uagb-icon-list__source-wrap\"><svg xmlns=\"https:\/\/www.w3.org\/2000\/svg\" viewbox=\"0 0 512 512\"><path d=\"M0 256C0 114.6 114.6 0 256 0C397.4 0 512 114.6 512 256C512 397.4 397.4 512 256 512C114.6 512 0 397.4 0 256zM371.8 211.8C382.7 200.9 382.7 183.1 371.8 172.2C360.9 161.3 343.1 161.3 332.2 172.2L224 280.4L179.8 236.2C168.9 225.3 151.1 225.3 140.2 236.2C129.3 247.1 129.3 264.9 140.2 275.8L204.2 339.8C215.1 350.7 232.9 350.7 243.8 339.8L371.8 211.8z\"><\/path><\/svg><\/span><span class=\"uagb-icon-list__label\">Treat every home like it\u2019s our own \u2014 with care and respect.<\/span><\/div>\n\n\n\n<div class=\"wp-block-uagb-icon-list-child uagb-block-d18e95cd\"><a target=\"_self\" aria-label=\"Deliver projects on time and on budget.\" rel=\"noopener noreferrer\" href=\"#\"> <\/a><span class=\"uagb-icon-list__source-wrap\"><svg xmlns=\"https:\/\/www.w3.org\/2000\/svg\" viewbox=\"0 0 512 512\"><path d=\"M0 256C0 114.6 114.6 0 256 0C397.4 0 512 114.6 512 256C512 397.4 397.4 512 256 512C114.6 512 0 397.4 0 256zM371.8 211.8C382.7 200.9 382.7 183.1 371.8 172.2C360.9 161.3 343.1 161.3 332.2 172.2L224 280.4L179.8 236.2C168.9 225.3 151.1 225.3 140.2 236.2C129.3 247.1 129.3 264.9 140.2 275.8L204.2 339.8C215.1 350.7 232.9 350.7 243.8 339.8L371.8 211.8z\"><\/path><\/svg><\/span><span class=\"uagb-icon-list__label\">Deliver projects on time and on budget.<\/span><\/div>\n\n\n\n<div class=\"wp-block-uagb-icon-list-child uagb-block-7f07f6ec\"><a target=\"_self\" aria-label=\"Communicate clearly and honestly from start to finish.\" rel=\"noopener noreferrer\" href=\"#\"> <\/a><span class=\"uagb-icon-list__source-wrap\"><svg xmlns=\"https:\/\/www.w3.org\/2000\/svg\" viewbox=\"0 0 512 512\"><path d=\"M0 256C0 114.6 114.6 0 256 0C397.4 0 512 114.6 512 256C512 397.4 397.4 512 256 512C114.6 512 0 397.4 0 256zM371.8 211.8C382.7 200.9 382.7 183.1 371.8 172.2C360.9 161.3 343.1 161.3 332.2 172.2L224 280.4L179.8 236.2C168.9 225.3 151.1 225.3 140.2 236.2C129.3 247.1 129.3 264.9 140.2 275.8L204.2 339.8C215.1 350.7 232.9 350.7 243.8 339.8L371.8 211.8z\"><\/path><\/svg><\/span><span class=\"uagb-icon-list__label\">Communicate clearly and honestly from start to finish.<\/span><\/div>\n\n\n\n<div class=\"wp-block-uagb-icon-list-child uagb-block-ab6190bb\"><a target=\"_self\" aria-label=\"Never stop learning \u2014 always improve.\" rel=\"noopener noreferrer\" href=\"#\"> <\/a><span class=\"uagb-icon-list__source-wrap\"><svg xmlns=\"https:\/\/www.w3.org\/2000\/svg\" viewbox=\"0 0 512 512\"><path d=\"M0 256C0 114.6 114.6 0 256 0C397.4 0 512 114.6 512 256C512 397.4 397.4 512 256 512C114.6 512 0 397.4 0 256zM371.8 211.8C382.7 200.9 382.7 183.1 371.8 172.2C360.9 161.3 343.1 161.3 332.2 172.2L224 280.4L179.8 236.2C168.9 225.3 151.1 225.3 140.2 236.2C129.3 247.1 129.3 264.9 140.2 275.8L204.2 339.8C215.1 350.7 232.9 350.7 243.8 339.8L371.8 211.8z\"><\/path><\/svg><\/span><span class=\"uagb-icon-list__label\">Never stop learning \u2014 always improve.<\/span><\/div>\n<\/div><\/div>\n<\/div>\n<\/div><\/div>\n\n\n\n<div class=\"wp-block-uagb-container uagb-layout-flex uagb-block-cd23d4e7 alignfull uagb-is-root-container\"><div class=\"uagb-container-inner-blocks-wrap\">\n<div class=\"wp-block-uagb-container uagb-block-38ac57af\">\n<div class=\"wp-block-uagb-advanced-heading uagb-block-ab8e889b\"><h2 class=\"uagb-heading-text\">Por que nos escolher?<\/h2><p class=\"uagb-desc-text\">Demonstramos nossa gratid\u00e3o indo al\u00e9m, garantindo que cada projeto seja conclu\u00eddo com excel\u00eancia. Veja por que os clientes confiam na Fenix \u200b\u200bCarpentry:<\/p><\/div>\n\n\n\n<div class=\"wp-block-uagb-icon-list uagb-block-e61dcdb2\"><div class=\"uagb-icon-list__wrap\">\n<div class=\"wp-block-uagb-icon-list-child uagb-block-55d1f747\"><a target=\"_self\" aria-label=\"Skilled and experienced carpenters\u200b\" rel=\"noopener noreferrer\" href=\"#\"> <\/a><span class=\"uagb-icon-list__source-wrap\"><svg xmlns=\"https:\/\/www.w3.org\/2000\/svg\" viewbox=\"0 0 512 512\"><path d=\"M0 256C0 114.6 114.6 0 256 0C397.4 0 512 114.6 512 256C512 397.4 397.4 512 256 512C114.6 512 0 397.4 0 256zM371.8 211.8C382.7 200.9 382.7 183.1 371.8 172.2C360.9 161.3 343.1 161.3 332.2 172.2L224 280.4L179.8 236.2C168.9 225.3 151.1 225.3 140.2 236.2C129.3 247.1 129.3 264.9 140.2 275.8L204.2 339.8C215.1 350.7 232.9 350.7 243.8 339.8L371.8 211.8z\"><\/path><\/svg><\/span><span class=\"uagb-icon-list__label\">Skilled and experienced carpenters\u200b<\/span><\/div>\n\n\n\n<div class=\"wp-block-uagb-icon-list-child uagb-block-0bb7ef6d\"><a target=\"_self\" aria-label=\"Fair pricing with no hidden costs\u200b\" rel=\"noopener noreferrer\" href=\"#\"> <\/a><span class=\"uagb-icon-list__source-wrap\"><svg xmlns=\"https:\/\/www.w3.org\/2000\/svg\" viewbox=\"0 0 512 512\"><path d=\"M0 256C0 114.6 114.6 0 256 0C397.4 0 512 114.6 512 256C512 397.4 397.4 512 256 512C114.6 512 0 397.4 0 256zM371.8 211.8C382.7 200.9 382.7 183.1 371.8 172.2C360.9 161.3 343.1 161.3 332.2 172.2L224 280.4L179.8 236.2C168.9 225.3 151.1 225.3 140.2 236.2C129.3 247.1 129.3 264.9 140.2 275.8L204.2 339.8C215.1 350.7 232.9 350.7 243.8 339.8L371.8 211.8z\"><\/path><\/svg><\/span><span class=\"uagb-icon-list__label\">Fair pricing with no hidden costs\u200b<\/span><\/div>\n\n\n\n<div class=\"wp-block-uagb-icon-list-child uagb-block-685a5aa8\"><a target=\"_self\" aria-label=\"Quality craftsmanship, guaranteed\u200b\" rel=\"noopener noreferrer\" href=\"#\"> <\/a><span class=\"uagb-icon-list__source-wrap\"><svg xmlns=\"https:\/\/www.w3.org\/2000\/svg\" viewbox=\"0 0 512 512\"><path d=\"M0 256C0 114.6 114.6 0 256 0C397.4 0 512 114.6 512 256C512 397.4 397.4 512 256 512C114.6 512 0 397.4 0 256zM371.8 211.8C382.7 200.9 382.7 183.1 371.8 172.2C360.9 161.3 343.1 161.3 332.2 172.2L224 280.4L179.8 236.2C168.9 225.3 151.1 225.3 140.2 236.2C129.3 247.1 129.3 264.9 140.2 275.8L204.2 339.8C215.1 350.7 232.9 350.7 243.8 339.8L371.8 211.8z\"><\/path><\/svg><\/span><span class=\"uagb-icon-list__label\">Quality craftsmanship, guaranteed\u200b<\/span><\/div>\n\n\n\n<div class=\"wp-block-uagb-icon-list-child uagb-block-6b0a0d04\"><a target=\"_self\" aria-label=\"Custom solutions for each project\u200b\" rel=\"noopener noreferrer\" href=\"#\"> <\/a><span class=\"uagb-icon-list__source-wrap\"><svg xmlns=\"https:\/\/www.w3.org\/2000\/svg\" viewbox=\"0 0 512 512\"><path d=\"M0 256C0 114.6 114.6 0 256 0C397.4 0 512 114.6 512 256C512 397.4 397.4 512 256 512C114.6 512 0 397.4 0 256zM371.8 211.8C382.7 200.9 382.7 183.1 371.8 172.2C360.9 161.3 343.1 161.3 332.2 172.2L224 280.4L179.8 236.2C168.9 225.3 151.1 225.3 140.2 236.2C129.3 247.1 129.3 264.9 140.2 275.8L204.2 339.8C215.1 350.7 232.9 350.7 243.8 339.8L371.8 211.8z\"><\/path><\/svg><\/span><span class=\"uagb-icon-list__label\">Custom solutions for each project\u200b<\/span><\/div>\n\n\n\n<div class=\"wp-block-uagb-icon-list-child uagb-block-41c6ad22\"><a target=\"_self\" aria-label=\"Punctual and professional service\u200b\" rel=\"noopener noreferrer\" href=\"#\"> <\/a><span class=\"uagb-icon-list__source-wrap\"><svg xmlns=\"https:\/\/www.w3.org\/2000\/svg\" viewbox=\"0 0 512 512\"><path d=\"M0 256C0 114.6 114.6 0 256 0C397.4 0 512 114.6 512 256C512 397.4 397.4 512 256 512C114.6 512 0 397.4 0 256zM371.8 211.8C382.7 200.9 382.7 183.1 371.8 172.2C360.9 161.3 343.1 161.3 332.2 172.2L224 280.4L179.8 236.2C168.9 225.3 151.1 225.3 140.2 236.2C129.3 247.1 129.3 264.9 140.2 275.8L204.2 339.8C215.1 350.7 232.9 350.7 243.8 339.8L371.8 211.8z\"><\/path><\/svg><\/span><span class=\"uagb-icon-list__label\">Punctual and professional service\u200b<\/span><\/div>\n<\/div><\/div>\n<\/div>\n\n\n\n<div class=\"wp-block-uagb-image alignright uagb-block-1bba2fd8 wp-block-uagb-image--layout-default wp-block-uagb-image--effect-static wp-block-uagb-image--align-right\"><figure class=\"wp-block-uagb-image__figure\"><img decoding=\"async\" srcset=\"https:\/\/fenixcarpentry.com\/wp-content\/uploads\/2025\/07\/ChatGPT-Image-9-de-jul.-de-2025-14_50_30-1024x683.png ,https:\/\/fenixcarpentry.com\/wp-content\/uploads\/2025\/07\/ChatGPT-Image-9-de-jul.-de-2025-14_50_30.png 780w, https:\/\/fenixcarpentry.com\/wp-content\/uploads\/2025\/07\/ChatGPT-Image-9-de-jul.-de-2025-14_50_30.png 360w\" sizes=\"auto, (max-width: 480px) 150px\" src=\"https:\/\/fenixcarpentry.com\/wp-content\/uploads\/2025\/07\/ChatGPT-Image-9-de-jul.-de-2025-14_50_30-1024x683.png\" alt=\"chatgpt image 9 de jul. de 2025, 14 50 30\" class=\"uag-image-3771\" width=\"960\" height=\"640\" title=\"chatgpt image 9 de jul. de 2025, 14 50 30\" loading=\"lazy\" role=\"img\"\/><\/figure><\/div>\n<\/div><\/div>\n\n\n\n<div class=\"wp-block-uagb-container uagb-layout-grid uagb-block-a4b8e402 alignfull uagb-is-root-container\"><div class=\"uagb-container-inner-blocks-wrap\">\n<div class=\"wp-block-uagb-container uagb-block-a09018fc\">\n<div class=\"wp-block-uagb-star-rating uagb-block-041baa53\"><div class=\"uag-star-rating\" title=\"5\/5\"><span class=\"uag-star\">\u2605<\/span><span class=\"uag-star\">\u2605<\/span><span class=\"uag-star\">\u2605<\/span><span class=\"uag-star\">\u2605<\/span><span class=\"uag-star\">\u2605<\/span><\/div><\/div>\n\n\n\n<div class=\"wp-block-uagb-testimonial uagb-slick-carousel uagb-tm__arrow-outside uagb-block-74873166 uagb-post__carousel_notset uagb-post__carousel_notset-tablet uagb-post__carousel_notset-mobile\"><div class=\"is-carousel uagb-tm__columns-1 uagb-tm__items\"><div class=\"uagb-testimonial__wrap  uagb-tm__imgicon-style-circle uagb-tm__image-position-bottom uagb-tm__bg-type-none\"><div class=\"uagb-tm__content\"><div class=\"uagb-tm__overlay\"><\/div><div class=\"uagb-tm__text-wrap\"><div class=\"uagb-tm__desc\">A Fenix \u200b\u200bCarpentry superou nossas expectativas. Sua aten\u00e7\u00e3o aos detalhes e profissionalismo tornaram a reforma da nossa casa uma experi\u00eancia tranquila e sem estresse.<\/div><div class=\"uagb-tm__meta-inner\"><div class=\"uagb-tm__image-content\"><div class=\"uagb-tm__image\"><img decoding=\"async\" class=\"uagb-tm-img-src\" src=\"https:\/\/fenixcarpentry.com\/wp-content\/uploads\/2025\/07\/customer-1-150x150-1.jpg\" alt=\"Customer 1 150x150 1\" width=\"60\" height=\"60\" loading=\"lazy\" title=\"Sobre\"><\/div><\/div><div class=\"uagb-testimonial-details\"><span class=\"uagb-tm__author-name\">Mark Johnson<\/span><span class=\"uagb-tm__company\">Homeowner, Portland OR<\/span><\/div><\/div><\/div><\/div><\/div><\/div><\/div>\n<\/div>\n\n\n\n<div class=\"wp-block-uagb-container uagb-block-95a7e590\">\n<div class=\"wp-block-uagb-star-rating uagb-block-16ad163e\"><div class=\"uag-star-rating\" title=\"5\/5\"><span class=\"uag-star\">\u2605<\/span><span class=\"uag-star\">\u2605<\/span><span class=\"uag-star\">\u2605<\/span><span class=\"uag-star\">\u2605<\/span><span class=\"uag-star\">\u2605<\/span><\/div><\/div>\n\n\n\n<div class=\"wp-block-uagb-testimonial uagb-slick-carousel uagb-tm__arrow-outside uagb-block-c0c9764e uagb-post__carousel_notset uagb-post__carousel_notset-tablet uagb-post__carousel_notset-mobile\"><div class=\"is-carousel uagb-tm__columns-1 uagb-tm__items\"><div class=\"uagb-testimonial__wrap  uagb-tm__imgicon-style-circle uagb-tm__image-position-bottom uagb-tm__bg-type-none\"><div class=\"uagb-tm__content\"><div class=\"uagb-tm__overlay\"><\/div><div class=\"uagb-tm__text-wrap\"><div class=\"uagb-tm__desc\">Do primeiro or\u00e7amento aos retoques finais, eles se comunicaram com clareza e trabalharam com integridade. Com certeza contratarei novamente.<\/div><div class=\"uagb-tm__meta-inner\"><div class=\"uagb-tm__image-content\"><div class=\"uagb-tm__image\"><img decoding=\"async\" class=\"uagb-tm-img-src\" src=\"https:\/\/fenixcarpentry.com\/wp-content\/uploads\/2025\/07\/customer-4-150x150-1.jpg\" alt=\"Customer 4 150x150 1\" width=\"60\" height=\"60\" loading=\"lazy\" title=\"Sobre\"><\/div><\/div><div class=\"uagb-testimonial-details\"><span class=\"uagb-tm__author-name\">Lucas Rayner\u200b<\/span><span class=\"uagb-tm__company\">Project Manager, Rayner Homes<\/span><\/div><\/div><\/div><\/div><\/div><\/div><\/div>\n<\/div>\n\n\n\n<div class=\"wp-block-uagb-container uagb-block-fc1ca3c7\">\n<div class=\"wp-block-uagb-star-rating uagb-block-15612afd\"><div class=\"uag-star-rating\" title=\"5\/5\"><span class=\"uag-star\">\u2605<\/span><span class=\"uag-star\">\u2605<\/span><span class=\"uag-star\">\u2605<\/span><span class=\"uag-star\">\u2605<\/span><span class=\"uag-star\">\u2605<\/span><\/div><\/div>\n\n\n\n<div class=\"wp-block-uagb-testimonial uagb-slick-carousel uagb-tm__arrow-outside uagb-block-8f085c73 uagb-post__carousel_notset uagb-post__carousel_notset-tablet uagb-post__carousel_notset-mobile\"><div class=\"is-carousel uagb-tm__columns-1 uagb-tm__items\"><div class=\"uagb-testimonial__wrap  uagb-tm__imgicon-style-circle uagb-tm__image-position-bottom uagb-tm__bg-type-none\"><div class=\"uagb-tm__content\"><div class=\"uagb-tm__overlay\"><\/div><div class=\"uagb-tm__text-wrap\"><div class=\"uagb-tm__desc\">Equipe muito pontual, precisa e simp\u00e1tica. O novo deck est\u00e1 fant\u00e1stico. Recomendamos muito a Fenix!<\/div><div class=\"uagb-tm__meta-inner\"><div class=\"uagb-tm__image-content\"><div class=\"uagb-tm__image\"><img decoding=\"async\" class=\"uagb-tm-img-src\" src=\"https:\/\/fenixcarpentry.com\/wp-content\/uploads\/2025\/07\/customer-3-150x150-1.jpg\" alt=\"Customer 3 150x150 1\" width=\"60\" height=\"60\" loading=\"lazy\" title=\"Sobre\"><\/div><\/div><div class=\"uagb-testimonial-details\"><span class=\"uagb-tm__author-name\">Alicia Mendes\u200b<\/span><span class=\"uagb-tm__company\">Client, Beaverton<\/span><\/div><\/div><\/div><\/div><\/div><\/div><\/div>\n<\/div>\n<\/div><\/div>\n\n\n\n<div class=\"wp-block-uagb-container uagb-block-724ccc2b alignfull uagb-is-root-container\"><div class=\"uagb-container-inner-blocks-wrap\">\n<div class=\"wp-block-uagb-image uagb-block-37d975e3 wp-block-uagb-image--layout-default wp-block-uagb-image--effect-static wp-block-uagb-image--align-none\"><figure class=\"wp-block-uagb-image__figure\"><img decoding=\"async\" srcset=\"https:\/\/fenixcarpentry.com\/wp-content\/uploads\/2025\/07\/ChatGPT-Image-9-de-jul.-de-2025-15_20_03.png ,https:\/\/fenixcarpentry.com\/wp-content\/uploads\/2025\/07\/ChatGPT-Image-9-de-jul.-de-2025-15_20_03.png 780w, https:\/\/fenixcarpentry.com\/wp-content\/uploads\/2025\/07\/ChatGPT-Image-9-de-jul.-de-2025-15_20_03.png 360w\" sizes=\"auto, (max-width: 480px) 150px\" src=\"https:\/\/fenixcarpentry.com\/wp-content\/uploads\/2025\/07\/ChatGPT-Image-9-de-jul.-de-2025-15_20_03.png\" alt=\"chatgpt image 9 de jul. de 2025, 15 20 03\" class=\"uag-image-3776\" width=\"700\" height=\"500\" title=\"chatgpt image 9 de jul. de 2025, 15 20 03\" loading=\"lazy\" role=\"img\"\/><\/figure><\/div>\n\n\n\n<div class=\"wp-block-uagb-info-box uagb-block-a96fc425 uagb-infobox__content-wrap  uagb-infobox-icon-above-title uagb-infobox-image-valign-top\"><div class=\"uagb-ifb-content\"><div class=\"uagb-ifb-title-wrap\"><h2 class=\"uagb-ifb-title\">Vamos construir algo grandioso juntos.<\/h2><\/div><div class=\"uagb-ifb-button-wrapper wp-block-button\"><a href=\"https:\/\/wa.me\/15083758998?text=Hi!%20I%20would%20like%20to%20request%20a%20quote.\" class=\"uagb-infobox-cta-link wp-block-button__link\" target=\"_blank\" rel=\"noopener noreferrer\" onclick=\"return true;\"><span class=\"uagb-inline-editing\">Contate-nos<\/span><svg xmlns=\"https:\/\/www.w3.org\/2000\/svg\" viewbox=\"0 0 448 512\"><path d=\"M438.6 278.6l-160 160C272.4 444.9 264.2 448 256 448s-16.38-3.125-22.62-9.375c-12.5-12.5-12.5-32.75 0-45.25L338.8 288H32C14.33 288 .0016 273.7 .0016 256S14.33 224 32 224h306.8l-105.4-105.4c-12.5-12.5-12.5-32.75 0-45.25s32.75-12.5 45.25 0l160 160C451.1 245.9 451.1 266.1 438.6 278.6z\"><\/path><\/svg><\/a><\/div><\/div><\/div>\n<\/div><\/div>","protected":false},"excerpt":{"rendered":"<p>About Us At Fenix Carpentry, we specialize in creating custom woodwork that blends beauty, durability, and craftsmanship.Based in the USA, our team is dedicated to delivering tailored carpentry solutions \u2014 from framing to finishing \u2014 with precision and care.Whether you need a custom staircase, a deck, or full interior remodeling, we bring your vision to [&hellip;]<\/p>","protected":false},"author":1,"featured_media":0,"parent":0,"menu_order":0,"comment_status":"closed","ping_status":"closed","template":"","meta":{"_uag_custom_page_level_css":"","site-sidebar-layout":"no-sidebar","site-content-layout":"plain-container","ast-site-content-layout":"normal-width-container","site-content-style":"unboxed","site-sidebar-style":"unboxed","ast-global-header-display":"","ast-banner-title-visibility":"","ast-main-header-display":"","ast-hfb-above-header-display":"","ast-hfb-below-header-display":"","ast-hfb-mobile-header-display":"","site-post-title":"disabled","ast-breadcrumbs-content":"","ast-featured-img":"","footer-sml-layout":"","theme-transparent-header-meta":"enabled","adv-header-id-meta":"","stick-header-meta":"","header-above-stick-meta":"","header-main-stick-meta":"","header-below-stick-meta":"","astra-migrate-meta-layouts":"set","ast-page-background-enabled":"default","ast-page-background-meta":{"desktop":{"background-color":"var(--ast-global-color-4)","background-image":"","background-repeat":"repeat","background-position":"center center","background-size":"auto","background-attachment":"scroll","background-type":"","background-media":"","overlay-type":"","overlay-color":"","overlay-opacity":"","overlay-gradient":""},"tablet":{"background-color":"","background-image":"","background-repeat":"repeat","background-position":"center center","background-size":"auto","background-attachment":"scroll","background-type":"","background-media":"","overlay-type":"","overlay-color":"","overlay-opacity":"","overlay-gradient":""},"mobile":{"background-color":"","background-image":"","background-repeat":"repeat","background-position":"center center","background-size":"auto","background-attachment":"scroll","background-type":"","background-media":"","overlay-type":"","overlay-color":"","overlay-opacity":"","overlay-gradient":""}},"ast-content-background-meta":{"desktop":{"background-color":"var(--ast-global-color-5)","background-image":"","background-repeat":"repeat","background-position":"center center","background-size":"auto","background-attachment":"scroll","background-type":"","background-media":"","overlay-type":"","overlay-color":"","overlay-opacity":"","overlay-gradient":""},"tablet":{"background-color":"var(--ast-global-color-5)","background-image":"","background-repeat":"repeat","background-position":"center center","background-size":"auto","background-attachment":"scroll","background-type":"","background-media":"","overlay-type":"","overlay-color":"","overlay-opacity":"","overlay-gradient":""},"mobile":{"background-color":"var(--ast-global-color-5)","background-image":"","background-repeat":"repeat","background-position":"center center","background-size":"auto","background-attachment":"scroll","background-type":"","background-media":"","overlay-type":"","overlay-color":"","overlay-opacity":"","overlay-gradient":""}},"footnotes":""},"class_list":["post-11","page","type-page","status-publish","hentry"],"aioseo_notices":[],"uagb_featured_image_src":{"full":false,"thumbnail":false,"medium":false,"medium_large":false,"large":false,"1536x1536":false,"2048x2048":false,"trp-custom-language-flag":false},"uagb_author_info":{"display_name":"eloqueens.miehe@gmail.com","author_link":"https:\/\/fenixcarpentry.com\/pt\/author\/eloqueens-miehegmail-com\/"},"uagb_comment_info":0,"uagb_excerpt":"About Us At Fenix Carpentry, we specialize in creating custom woodwork that blends beauty, durability, and craftsmanship.Based in the USA, our team is dedicated to delivering tailored carpentry solutions \u2014 from framing to finishing \u2014 with precision and care.Whether you need a custom staircase, a deck, or full interior remodeling, we bring your vision to&hellip;","_links":{"self":[{"href":"https:\/\/fenixcarpentry.com\/pt\/wp-json\/wp\/v2\/pages\/11","targetHints":{"allow":["GET"]}}],"collection":[{"href":"https:\/\/fenixcarpentry.com\/pt\/wp-json\/wp\/v2\/pages"}],"about":[{"href":"https:\/\/fenixcarpentry.com\/pt\/wp-json\/wp\/v2\/types\/page"}],"author":[{"embeddable":true,"href":"https:\/\/fenixcarpentry.com\/pt\/wp-json\/wp\/v2\/users\/1"}],"replies":[{"embeddable":true,"href":"https:\/\/fenixcarpentry.com\/pt\/wp-json\/wp\/v2\/comments?post=11"}],"version-history":[{"count":9,"href":"https:\/\/fenixcarpentry.com\/pt\/wp-json\/wp\/v2\/pages\/11\/revisions"}],"predecessor-version":[{"id":3812,"href":"https:\/\/fenixcarpentry.com\/pt\/wp-json\/wp\/v2\/pages\/11\/revisions\/3812"}],"wp:attachment":[{"href":"https:\/\/fenixcarpentry.com\/pt\/wp-json\/wp\/v2\/media?parent=11"}],"curies":[{"name":"wp","href":"https:\/\/api.w.org\/{rel}","templated":true}]}}