{"id":12,"date":"2025-07-03T20:08:30","date_gmt":"2025-07-03T20:08:30","guid":{"rendered":"https:\/\/yellowgreen-koala-466955.hostingersite.com\/services\/"},"modified":"2025-07-10T04:29:33","modified_gmt":"2025-07-10T04:29:33","slug":"services","status":"publish","type":"page","link":"https:\/\/fenixcarpentry.com\/pt\/services\/","title":{"rendered":"Servi\u00e7os"},"content":{"rendered":"<div class=\"wp-block-uagb-container uagb-block-ddbe5c65 alignfull uagb-is-root-container\"><div class=\"uagb-container-inner-blocks-wrap\">\n<div class=\"wp-block-uagb-advanced-heading uagb-block-fa4e7c56\"><h1 class=\"uagb-heading-text\">Servi\u00e7os que oferecemos<\/h1><p class=\"uagb-desc-text\">Oferecemos uma variedade de servi\u00e7os de carpintaria de alta qualidade, desde estruturas at\u00e9 elegantes trabalhos em madeira personalizados \u2014 sempre adaptados \u00e0 sua vis\u00e3o.<\/p><\/div>\n<\/div><\/div>\n\n\n\n<div class=\"wp-block-uagb-container uagb-block-769b6847 alignfull uagb-is-root-container\"><div class=\"uagb-container-inner-blocks-wrap\">\n<div class=\"wp-block-uagb-advanced-heading uagb-block-49143d4d\"><h2 class=\"uagb-heading-text\">Nossos servi\u00e7os de carpintaria<\/h2><\/div>\n\n\n\n<div class=\"wp-block-uagb-container uagb-layout-grid uagb-block-132ede22\">\n<div class=\"wp-block-uagb-info-box uagb-block-0669c3ff uagb-infobox__content-wrap  uagb-infobox-icon-above-title uagb-infobox-image-valign-top\"><div class=\"uagb-ifb-content\"><div class=\"uagb-ifb-image-content\"><img decoding=\"async\" src=\"https:\/\/fenixcarpentry.com\/wp-content\/uploads\/2025\/07\/ChatGPT-Image-8-de-jul.-de-2025-14_14_34.png\" alt=\"chatgpt image 8 de jul. de 2025, 14 14 34\" width=\"1024\" height=\"1024\" loading=\"lazy\" title=\"Servi\u00e7os\"><\/div><div class=\"uagb-ifb-title-wrap\"><h4 class=\"uagb-ifb-title\">Telhados<\/h4><\/div><p class=\"uagb-ifb-desc\">Seja limpando um ralo entupido ou substituindo-o, nossos homens sabem o que \u00e9 certo e oferecer\u00e3o a voc\u00ea a melhor solu\u00e7\u00e3o. Instala\u00e7\u00e3o, reparo e manuten\u00e7\u00e3o especializada de sistemas de cobertura de madeira e asfalto.<\/p><\/div><\/div>\n\n\n\n<div class=\"wp-block-uagb-info-box uagb-block-9a931b37 uagb-infobox__content-wrap  uagb-infobox-icon-above-title uagb-infobox-image-valign-top\"><div class=\"uagb-ifb-content\"><div class=\"uagb-ifb-image-content\"><img decoding=\"async\" src=\"https:\/\/fenixcarpentry.com\/wp-content\/uploads\/2025\/07\/ChatGPT-Image-8-de-jul.-de-2025-14_45_46.png\" alt=\"chatgpt image 8 de jul. de 2025, 14 45 46\" width=\"1024\" height=\"1024\" loading=\"lazy\" title=\"Servi\u00e7os\"><\/div><div class=\"uagb-ifb-title-wrap\"><h4 class=\"uagb-ifb-title\">Estruturas de Madeira<\/h4><\/div><p class=\"uagb-ifb-desc\">Estruturas de madeira de precis\u00e3o para novas constru\u00e7\u00f5es, reformas e adi\u00e7\u00f5es.<\/p><\/div><\/div>\n\n\n\n<div class=\"wp-block-uagb-info-box uagb-block-15659dce uagb-infobox__content-wrap  uagb-infobox-icon-above-title uagb-infobox-image-valign-top\"><div class=\"uagb-ifb-content\"><div class=\"uagb-ifb-image-content\"><img decoding=\"async\" src=\"https:\/\/fenixcarpentry.com\/wp-content\/uploads\/2025\/07\/ChatGPT-Image-8-de-jul.-de-2025-14_50_03.png\" alt=\"chatgpt image 8 de jul. de 2025, 14 50 03\" width=\"1024\" height=\"1024\" loading=\"lazy\" title=\"Servi\u00e7os\"><\/div><div class=\"uagb-ifb-title-wrap\"><h4 class=\"uagb-ifb-title\">Decks<\/h4><\/div><p class=\"uagb-ifb-desc\">Estruturas de madeira de isolamento para novas constru\u00e7\u00f5es, reformas e adi\u00e7\u00f5es.<\/p><\/div><\/div>\n\n\n\n<div class=\"wp-block-uagb-info-box uagb-block-9f7240ab uagb-infobox__content-wrap  uagb-infobox-icon-above-title uagb-infobox-image-valign-top\"><div class=\"uagb-ifb-content\"><div class=\"uagb-ifb-image-content\"><img decoding=\"async\" src=\"https:\/\/fenixcarpentry.com\/wp-content\/uploads\/2025\/07\/ChatGPT-Image-8-de-jul.-de-2025-15_01_48.png\" alt=\"chatgpt image 8 de jul. de 2025, 15 01 48\" width=\"1024\" height=\"1024\" loading=\"lazy\" title=\"Servi\u00e7os\"><\/div><div class=\"uagb-ifb-title-wrap\"><h4 class=\"uagb-ifb-title\">Finish Carpentry<\/h4><\/div><p class=\"uagb-ifb-desc\">Acabamentos internos de madeira, incluindo portas, guarni\u00e7\u00f5es, escadas e arm\u00e1rios.<\/p><\/div><\/div>\n\n\n\n<div class=\"wp-block-uagb-info-box uagb-block-5681adcd uagb-infobox__content-wrap  uagb-infobox-icon-above-title uagb-infobox-image-valign-top\"><div class=\"uagb-ifb-content\"><div class=\"uagb-ifb-image-content\"><img decoding=\"async\" src=\"https:\/\/fenixcarpentry.com\/wp-content\/uploads\/2025\/07\/ChatGPT-Image-8-de-jul.-de-2025-15_11_52.png\" alt=\"chatgpt image 8 de jul. de 2025, 15 11 52\" width=\"1024\" height=\"1024\" loading=\"lazy\" title=\"Servi\u00e7os\"><\/div><div class=\"uagb-ifb-title-wrap\"><h4 class=\"uagb-ifb-title\">Instala\u00e7\u00e3o e Substitui\u00e7\u00e3o de Revestimento<\/h4><\/div><p class=\"uagb-ifb-desc\">Revestimento externo protetor e est\u00e9tico usando materiais de madeira ou fibra de qualidade.<\/p><\/div><\/div>\n\n\n\n<div class=\"wp-block-uagb-info-box uagb-block-b951de47 uagb-infobox__content-wrap  uagb-infobox-icon-above-title uagb-infobox-image-valign-top\"><div class=\"uagb-ifb-content\"><div class=\"uagb-ifb-image-content\"><img decoding=\"async\" src=\"https:\/\/fenixcarpentry.com\/wp-content\/uploads\/2025\/07\/ChatGPT-Image-9-de-jul.-de-2025-14_09_07.png\" alt=\"chatgpt image 9 de jul. de 2025, 14 09 07\" width=\"1024\" height=\"1024\" loading=\"lazy\" title=\"Servi\u00e7os\"><\/div><div class=\"uagb-ifb-title-wrap\"><h4 class=\"uagb-ifb-title\">Reparos e Manuten\u00e7\u00e3o Geral<\/h4><\/div><p class=\"uagb-ifb-desc\">Oferecemos servi\u00e7os gerais de reparo e manuten\u00e7\u00e3o de carpintaria para manter sua casa segura, funcional e com a melhor apar\u00eancia poss\u00edvel \u2014 desde pequenos reparos at\u00e9 ajustes estruturais.<\/p><\/div><\/div>\n<\/div>\n\n\n\n<div class=\"wp-block-uagb-buttons uagb-buttons__outer-wrap uagb-btn__default-btn uagb-btn-tablet__default-btn uagb-btn-mobile__default-btn uagb-block-c8b8590c\"><div class=\"uagb-buttons__wrap uagb-buttons-layout-wrap\">\n<div class=\"wp-block-uagb-buttons-child uagb-buttons__outer-wrap uagb-block-182585fe wp-block-button\"><div class=\"uagb-button__wrapper\"><a class=\"uagb-buttons-repeater wp-block-button__link\" aria-label=\"\" href=\"https:\/\/wa.me\/15083758998?text=Hi!%20I%20would%20like%20to%20request%20a%20quote.\" rel=\"follow noopener\" target=\"_blank\" role=\"button\"><div class=\"uagb-button__link\">Solicite um or\u00e7amento<\/div><span class=\"uagb-button__icon uagb-button__icon-position-after\"><svg xmlns=\"https:\/\/www.w3.org\/2000\/svg\" viewbox=\"0 0 448 512\" aria-hidden=\"true\" focussable=\"false\"><path d=\"M438.6 278.6l-160 160C272.4 444.9 264.2 448 256 448s-16.38-3.125-22.62-9.375c-12.5-12.5-12.5-32.75 0-45.25L338.8 288H32C14.33 288 .0016 273.7 .0016 256S14.33 224 32 224h306.8l-105.4-105.4c-12.5-12.5-12.5-32.75 0-45.25s32.75-12.5 45.25 0l160 160C451.1 245.9 451.1 266.1 438.6 278.6z\"><\/path><\/svg><\/span><\/a><\/div><\/div>\n<\/div><\/div>\n<\/div><\/div>\n\n\n\n<div class=\"wp-block-uagb-container uagb-block-3c795e40 alignfull uagb-is-root-container\"><div class=\"uagb-container-inner-blocks-wrap\">\n<div class=\"wp-block-uagb-image aligncenter uagb-block-90ee0f2e wp-block-uagb-image--layout-default wp-block-uagb-image--effect-static wp-block-uagb-image--align-center\"><figure class=\"wp-block-uagb-image__figure\"><img decoding=\"async\" srcset=\"https:\/\/fenixcarpentry.com\/wp-content\/uploads\/2025\/07\/9-de-jul.-de-2025-14_24_59.png ,https:\/\/fenixcarpentry.com\/wp-content\/uploads\/2025\/07\/9-de-jul.-de-2025-14_24_59.png 780w, https:\/\/fenixcarpentry.com\/wp-content\/uploads\/2025\/07\/9-de-jul.-de-2025-14_24_59.png 360w\" sizes=\"auto, (max-width: 480px) 150px\" src=\"https:\/\/fenixcarpentry.com\/wp-content\/uploads\/2025\/07\/9-de-jul.-de-2025-14_24_59.png\" alt=\"9 de jul. de 2025, 14 24 59\" class=\"uag-image-3761\" width=\"700\" height=\"500\" title=\"9 de jul. de 2025, 14 24 59\" loading=\"lazy\" role=\"img\"\/><\/figure><\/div>\n\n\n\n<div class=\"wp-block-uagb-info-box uagb-block-bd72b2fb uagb-infobox__content-wrap  uagb-infobox-icon-above-title uagb-infobox-image-valign-top\"><div class=\"uagb-ifb-content\"><div class=\"uagb-ifb-title-wrap\"><h2 class=\"uagb-ifb-title\">Tem um projeto em mente?<br><br><strong>Vamos dar vida \u00e0 sua vis\u00e3o \u2014 desde carpintaria personalizada at\u00e9 renova\u00e7\u00e3o completa<br>Entre em contato hoje mesmo e vamos construir algo incr\u00edvel juntos.<\/strong><\/h2><\/div><div class=\"uagb-ifb-button-wrapper wp-block-button\"><a href=\"https:\/\/wa.me\/15083758998?text=Hi!%20I%20would%20like%20to%20request%20a%20quote.\" class=\"uagb-infobox-cta-link wp-block-button__link\" target=\"_blank\" rel=\"noopener noreferrer\" onclick=\"return true;\"><span class=\"uagb-inline-editing\">Obtenha um or\u00e7amento gratuito<\/span><svg xmlns=\"https:\/\/www.w3.org\/2000\/svg\" viewbox=\"0 0 448 512\"><path d=\"M438.6 278.6l-160 160C272.4 444.9 264.2 448 256 448s-16.38-3.125-22.62-9.375c-12.5-12.5-12.5-32.75 0-45.25L338.8 288H32C14.33 288 .0016 273.7 .0016 256S14.33 224 32 224h306.8l-105.4-105.4c-12.5-12.5-12.5-32.75 0-45.25s32.75-12.5 45.25 0l160 160C451.1 245.9 451.1 266.1 438.6 278.6z\"><\/path><\/svg><\/a><\/div><\/div><\/div>\n<\/div><\/div>\n\n\n\n<p><\/p>","protected":false},"excerpt":{"rendered":"<p>Services We Offer We offer a variety of high-quality carpentry services, from structural framing to elegant custom woodwork \u2014 always tailored to your vision. Our Carpentry Services<\/p>","protected":false},"author":1,"featured_media":0,"parent":0,"menu_order":0,"comment_status":"closed","ping_status":"closed","template":"","meta":{"_uag_custom_page_level_css":"","site-sidebar-layout":"no-sidebar","site-content-layout":"plain-container","ast-site-content-layout":"normal-width-container","site-content-style":"unboxed","site-sidebar-style":"unboxed","ast-global-header-display":"","ast-banner-title-visibility":"","ast-main-header-display":"","ast-hfb-above-header-display":"","ast-hfb-below-header-display":"","ast-hfb-mobile-header-display":"","site-post-title":"disabled","ast-breadcrumbs-content":"","ast-featured-img":"","footer-sml-layout":"","theme-transparent-header-meta":"enabled","adv-header-id-meta":"","stick-header-meta":"","header-above-stick-meta":"","header-main-stick-meta":"","header-below-stick-meta":"","astra-migrate-meta-layouts":"set","ast-page-background-enabled":"default","ast-page-background-meta":{"desktop":{"background-color":"var(--ast-global-color-4)","background-image":"","background-repeat":"repeat","background-position":"center center","background-size":"auto","background-attachment":"scroll","background-type":"","background-media":"","overlay-type":"","overlay-color":"","overlay-opacity":"","overlay-gradient":""},"tablet":{"background-color":"","background-image":"","background-repeat":"repeat","background-position":"center center","background-size":"auto","background-attachment":"scroll","background-type":"","background-media":"","overlay-type":"","overlay-color":"","overlay-opacity":"","overlay-gradient":""},"mobile":{"background-color":"","background-image":"","background-repeat":"repeat","background-position":"center center","background-size":"auto","background-attachment":"scroll","background-type":"","background-media":"","overlay-type":"","overlay-color":"","overlay-opacity":"","overlay-gradient":""}},"ast-content-background-meta":{"desktop":{"background-color":"var(--ast-global-color-5)","background-image":"","background-repeat":"repeat","background-position":"center center","background-size":"auto","background-attachment":"scroll","background-type":"","background-media":"","overlay-type":"","overlay-color":"","overlay-opacity":"","overlay-gradient":""},"tablet":{"background-color":"var(--ast-global-color-5)","background-image":"","background-repeat":"repeat","background-position":"center center","background-size":"auto","background-attachment":"scroll","background-type":"","background-media":"","overlay-type":"","overlay-color":"","overlay-opacity":"","overlay-gradient":""},"mobile":{"background-color":"var(--ast-global-color-5)","background-image":"","background-repeat":"repeat","background-position":"center center","background-size":"auto","background-attachment":"scroll","background-type":"","background-media":"","overlay-type":"","overlay-color":"","overlay-opacity":"","overlay-gradient":""}},"footnotes":""},"class_list":["post-12","page","type-page","status-publish","hentry"],"aioseo_notices":[],"uagb_featured_image_src":{"full":false,"thumbnail":false,"medium":false,"medium_large":false,"large":false,"1536x1536":false,"2048x2048":false,"trp-custom-language-flag":false},"uagb_author_info":{"display_name":"eloqueens.miehe@gmail.com","author_link":"https:\/\/fenixcarpentry.com\/pt\/author\/eloqueens-miehegmail-com\/"},"uagb_comment_info":0,"uagb_excerpt":"Services We Offer We offer a variety of high-quality carpentry services, from structural framing to elegant custom woodwork \u2014 always tailored to your vision. Our Carpentry Services","_links":{"self":[{"href":"https:\/\/fenixcarpentry.com\/pt\/wp-json\/wp\/v2\/pages\/12","targetHints":{"allow":["GET"]}}],"collection":[{"href":"https:\/\/fenixcarpentry.com\/pt\/wp-json\/wp\/v2\/pages"}],"about":[{"href":"https:\/\/fenixcarpentry.com\/pt\/wp-json\/wp\/v2\/types\/page"}],"author":[{"embeddable":true,"href":"https:\/\/fenixcarpentry.com\/pt\/wp-json\/wp\/v2\/users\/1"}],"replies":[{"embeddable":true,"href":"https:\/\/fenixcarpentry.com\/pt\/wp-json\/wp\/v2\/comments?post=12"}],"version-history":[{"count":6,"href":"https:\/\/fenixcarpentry.com\/pt\/wp-json\/wp\/v2\/pages\/12\/revisions"}],"predecessor-version":[{"id":3813,"href":"https:\/\/fenixcarpentry.com\/pt\/wp-json\/wp\/v2\/pages\/12\/revisions\/3813"}],"wp:attachment":[{"href":"https:\/\/fenixcarpentry.com\/pt\/wp-json\/wp\/v2\/media?parent=12"}],"curies":[{"name":"wp","href":"https:\/\/api.w.org\/{rel}","templated":true}]}}